{"id":19,"date":"2018-12-10T13:34:27","date_gmt":"2018-12-10T13:34:27","guid":{"rendered":"http:\/\/www.buehler-sat.de\/?page_id=19"},"modified":"2026-03-26T10:33:24","modified_gmt":"2026-03-26T10:33:24","slug":"homepage","status":"publish","type":"page","link":"https:\/\/www.buehler-sat.de\/","title":{"rendered":"Homepage"},"content":{"rendered":"<!-- wp:themify-builder\/canvas \/-->","protected":false},"excerpt":{"rendered":"","protected":false},"author":1,"featured_media":0,"parent":0,"menu_order":0,"comment_status":"closed","ping_status":"closed","template":"","meta":{"footnotes":""},"class_list":["post-19","page","type-page","status-publish","hentry","has-post-title","has-post-date","has-post-category","has-post-tag","has-post-comment","has-post-author",""],"yoast_head":"<!-- This site is optimized with the Yoast SEO plugin v27.2 - https:\/\/yoast.com\/product\/yoast-seo-wordpress\/ -->\n<title>Homepage - B\u00fchler Elektronikfachgesch\u00e4ft<\/title>\n<meta name=\"description\" content=\"B\u00fchler ist Ihr g\u00fcnstiger Fachh\u00e4ndler in Waldstetten f\u00fcr Sat, TV und Elektroger\u00e4te f\u00fcr den Haushalt. B\u00fchler bringt&#039;s.\" \/>\n<meta name=\"robots\" content=\"index, follow, max-snippet:-1, max-image-preview:large, max-video-preview:-1\" \/>\n<link rel=\"canonical\" href=\"https:\/\/www.buehler-sat.de\/\" \/>\n<meta property=\"og:locale\" content=\"de_DE\" \/>\n<meta property=\"og:type\" content=\"article\" \/>\n<meta property=\"og:title\" content=\"Homepage - B\u00fchler Elektronikfachgesch\u00e4ft\" \/>\n<meta property=\"og:description\" content=\"B\u00fchler ist Ihr g\u00fcnstiger Fachh\u00e4ndler in Waldstetten f\u00fcr Sat, TV und Elektroger\u00e4te f\u00fcr den Haushalt. B\u00fchler bringt&#039;s.\" \/>\n<meta property=\"og:url\" content=\"https:\/\/www.buehler-sat.de\/\" \/>\n<meta property=\"og:site_name\" content=\"B\u00fchler Elektronikfachgesch\u00e4ft\" \/>\n<meta property=\"article:modified_time\" content=\"2026-03-26T10:33:24+00:00\" \/>\n<meta property=\"og:image\" content=\"https:\/\/www.buehler-sat.de\/wp-content\/uploads\/2018\/12\/Buehler-Logo-k-239x125.png\" \/>\n<meta name=\"twitter:card\" content=\"summary_large_image\" \/>\n<meta name=\"twitter:label1\" content=\"Gesch\u00e4tzte Lesezeit\" \/>\n\t<meta name=\"twitter:data1\" content=\"1\u00a0Minute\" \/>\n<script type=\"application\/ld+json\" class=\"yoast-schema-graph\">{\"@context\":\"https:\/\/schema.org\",\"@graph\":[{\"@type\":\"WebPage\",\"@id\":\"https:\/\/www.buehler-sat.de\/\",\"url\":\"https:\/\/www.buehler-sat.de\/\",\"name\":\"Homepage - B\u00fchler Elektronikfachgesch\u00e4ft\",\"isPartOf\":{\"@id\":\"https:\/\/www.buehler-sat.de\/#website\"},\"primaryImageOfPage\":{\"@id\":\"https:\/\/www.buehler-sat.de\/#primaryimage\"},\"image\":{\"@id\":\"https:\/\/www.buehler-sat.de\/#primaryimage\"},\"thumbnailUrl\":\"https:\/\/www.buehler-sat.de\/wp-content\/uploads\/2018\/12\/Buehler-Logo-k-239x125.png\",\"datePublished\":\"2018-12-10T13:34:27+00:00\",\"dateModified\":\"2026-03-26T10:33:24+00:00\",\"description\":\"B\u00fchler ist Ihr g\u00fcnstiger Fachh\u00e4ndler in Waldstetten f\u00fcr Sat, TV und Elektroger\u00e4te f\u00fcr den Haushalt. B\u00fchler bringt's.\",\"breadcrumb\":{\"@id\":\"https:\/\/www.buehler-sat.de\/#breadcrumb\"},\"inLanguage\":\"de\",\"potentialAction\":[{\"@type\":\"ReadAction\",\"target\":[\"https:\/\/www.buehler-sat.de\/\"]}]},{\"@type\":\"ImageObject\",\"inLanguage\":\"de\",\"@id\":\"https:\/\/www.buehler-sat.de\/#primaryimage\",\"url\":\"https:\/\/www.buehler-sat.de\/wp-content\/uploads\/2018\/12\/Buehler-Logo-k.png\",\"contentUrl\":\"https:\/\/www.buehler-sat.de\/wp-content\/uploads\/2018\/12\/Buehler-Logo-k.png\",\"width\":600,\"height\":313,\"caption\":\"B\u00fchler\"},{\"@type\":\"BreadcrumbList\",\"@id\":\"https:\/\/www.buehler-sat.de\/#breadcrumb\",\"itemListElement\":[{\"@type\":\"ListItem\",\"position\":1,\"name\":\"Startseite\",\"item\":\"https:\/\/www.buehler-sat.de\/\"},{\"@type\":\"ListItem\",\"position\":2,\"name\":\"Homepage\"}]},{\"@type\":\"WebSite\",\"@id\":\"https:\/\/www.buehler-sat.de\/#website\",\"url\":\"https:\/\/www.buehler-sat.de\/\",\"name\":\"B\u00fchler Elektronikfachgesch\u00e4ft\",\"description\":\"TV - SAT- Haushaltsger\u00e4te\",\"publisher\":{\"@id\":\"https:\/\/www.buehler-sat.de\/#organization\"},\"potentialAction\":[{\"@type\":\"SearchAction\",\"target\":{\"@type\":\"EntryPoint\",\"urlTemplate\":\"https:\/\/www.buehler-sat.de\/?s={search_term_string}\"},\"query-input\":{\"@type\":\"PropertyValueSpecification\",\"valueRequired\":true,\"valueName\":\"search_term_string\"}}],\"inLanguage\":\"de\"},{\"@type\":\"Organization\",\"@id\":\"https:\/\/www.buehler-sat.de\/#organization\",\"name\":\"B\u00fchler Elektronikfachgesch\u00e4ft\",\"url\":\"https:\/\/www.buehler-sat.de\/\",\"logo\":{\"@type\":\"ImageObject\",\"inLanguage\":\"de\",\"@id\":\"https:\/\/www.buehler-sat.de\/#\/schema\/logo\/image\/\",\"url\":\"https:\/\/www.buehler-sat.de\/wp-content\/uploads\/Buehler-Logo-f.png\",\"contentUrl\":\"https:\/\/www.buehler-sat.de\/wp-content\/uploads\/Buehler-Logo-f.png\",\"width\":600,\"height\":400,\"caption\":\"B\u00fchler Elektronikfachgesch\u00e4ft\"},\"image\":{\"@id\":\"https:\/\/www.buehler-sat.de\/#\/schema\/logo\/image\/\"}}]}<\/script>\n<!-- \/ Yoast SEO plugin. -->","yoast_head_json":{"title":"Homepage - B\u00fchler Elektronikfachgesch\u00e4ft","description":"B\u00fchler ist Ihr g\u00fcnstiger Fachh\u00e4ndler in Waldstetten f\u00fcr Sat, TV und Elektroger\u00e4te f\u00fcr den Haushalt. B\u00fchler bringt's.","robots":{"index":"index","follow":"follow","max-snippet":"max-snippet:-1","max-image-preview":"max-image-preview:large","max-video-preview":"max-video-preview:-1"},"canonical":"https:\/\/www.buehler-sat.de\/","og_locale":"de_DE","og_type":"article","og_title":"Homepage - B\u00fchler Elektronikfachgesch\u00e4ft","og_description":"B\u00fchler ist Ihr g\u00fcnstiger Fachh\u00e4ndler in Waldstetten f\u00fcr Sat, TV und Elektroger\u00e4te f\u00fcr den Haushalt. B\u00fchler bringt's.","og_url":"https:\/\/www.buehler-sat.de\/","og_site_name":"B\u00fchler Elektronikfachgesch\u00e4ft","article_modified_time":"2026-03-26T10:33:24+00:00","og_image":[{"url":"https:\/\/www.buehler-sat.de\/wp-content\/uploads\/2018\/12\/Buehler-Logo-k-239x125.png","type":"","width":"","height":""}],"twitter_card":"summary_large_image","twitter_misc":{"Gesch\u00e4tzte Lesezeit":"1\u00a0Minute"},"schema":{"@context":"https:\/\/schema.org","@graph":[{"@type":"WebPage","@id":"https:\/\/www.buehler-sat.de\/","url":"https:\/\/www.buehler-sat.de\/","name":"Homepage - B\u00fchler Elektronikfachgesch\u00e4ft","isPartOf":{"@id":"https:\/\/www.buehler-sat.de\/#website"},"primaryImageOfPage":{"@id":"https:\/\/www.buehler-sat.de\/#primaryimage"},"image":{"@id":"https:\/\/www.buehler-sat.de\/#primaryimage"},"thumbnailUrl":"https:\/\/www.buehler-sat.de\/wp-content\/uploads\/2018\/12\/Buehler-Logo-k-239x125.png","datePublished":"2018-12-10T13:34:27+00:00","dateModified":"2026-03-26T10:33:24+00:00","description":"B\u00fchler ist Ihr g\u00fcnstiger Fachh\u00e4ndler in Waldstetten f\u00fcr Sat, TV und Elektroger\u00e4te f\u00fcr den Haushalt. B\u00fchler bringt's.","breadcrumb":{"@id":"https:\/\/www.buehler-sat.de\/#breadcrumb"},"inLanguage":"de","potentialAction":[{"@type":"ReadAction","target":["https:\/\/www.buehler-sat.de\/"]}]},{"@type":"ImageObject","inLanguage":"de","@id":"https:\/\/www.buehler-sat.de\/#primaryimage","url":"https:\/\/www.buehler-sat.de\/wp-content\/uploads\/2018\/12\/Buehler-Logo-k.png","contentUrl":"https:\/\/www.buehler-sat.de\/wp-content\/uploads\/2018\/12\/Buehler-Logo-k.png","width":600,"height":313,"caption":"B\u00fchler"},{"@type":"BreadcrumbList","@id":"https:\/\/www.buehler-sat.de\/#breadcrumb","itemListElement":[{"@type":"ListItem","position":1,"name":"Startseite","item":"https:\/\/www.buehler-sat.de\/"},{"@type":"ListItem","position":2,"name":"Homepage"}]},{"@type":"WebSite","@id":"https:\/\/www.buehler-sat.de\/#website","url":"https:\/\/www.buehler-sat.de\/","name":"B\u00fchler Elektronikfachgesch\u00e4ft","description":"TV - SAT- Haushaltsger\u00e4te","publisher":{"@id":"https:\/\/www.buehler-sat.de\/#organization"},"potentialAction":[{"@type":"SearchAction","target":{"@type":"EntryPoint","urlTemplate":"https:\/\/www.buehler-sat.de\/?s={search_term_string}"},"query-input":{"@type":"PropertyValueSpecification","valueRequired":true,"valueName":"search_term_string"}}],"inLanguage":"de"},{"@type":"Organization","@id":"https:\/\/www.buehler-sat.de\/#organization","name":"B\u00fchler Elektronikfachgesch\u00e4ft","url":"https:\/\/www.buehler-sat.de\/","logo":{"@type":"ImageObject","inLanguage":"de","@id":"https:\/\/www.buehler-sat.de\/#\/schema\/logo\/image\/","url":"https:\/\/www.buehler-sat.de\/wp-content\/uploads\/Buehler-Logo-f.png","contentUrl":"https:\/\/www.buehler-sat.de\/wp-content\/uploads\/Buehler-Logo-f.png","width":600,"height":400,"caption":"B\u00fchler Elektronikfachgesch\u00e4ft"},"image":{"@id":"https:\/\/www.buehler-sat.de\/#\/schema\/logo\/image\/"}}]}},"builder_content":"<img src=\"https:\/\/www.buehler-sat.de\/wp-content\/uploads\/2018\/12\/Buehler-Logo-k-239x125.png\" height=\"125\" title=\"Buehler-Logo-k\" alt=\"B\u00fchler\" srcset=\"https:\/\/www.buehler-sat.de\/wp-content\/uploads\/2018\/12\/Buehler-Logo-k-239x125.png 239w, https:\/\/www.buehler-sat.de\/wp-content\/uploads\/2018\/12\/Buehler-Logo-k-300x157.png 300w, https:\/\/www.buehler-sat.de\/wp-content\/uploads\/2018\/12\/Buehler-Logo-k-143x75.png 143w, https:\/\/www.buehler-sat.de\/wp-content\/uploads\/2018\/12\/Buehler-Logo-k.png 600w\" sizes=\"(max-width: 239px) 100vw, 239px\" \/>\n<img src=\"https:\/\/www.buehler-sat.de\/wp-content\/uploads\/Buehler-Maennchen-03-160x160.png\" width=\"160\" height=\"160\" title=\"Buehler-Maennchen-03\" alt=\"B\u00fchler bringt&#039;s: Professioneller Kundendienst\" srcset=\"https:\/\/www.buehler-sat.de\/wp-content\/uploads\/Buehler-Maennchen-03.png 160w, https:\/\/www.buehler-sat.de\/wp-content\/uploads\/Buehler-Maennchen-03-150x150.png 150w\" sizes=\"(max-width: 160px) 100vw, 160px\" \/>\n<h1>Liebe Kunden,<\/h1> <h3>vielen Dank f\u00fcr Ihr Interesse.<\/h3> <h2>Wir haben vor\u00fcbergehend geschlossen.<\/h2> <h3>Schauen Sie bald mal wieder rein.<\/h3>","_links":{"self":[{"href":"https:\/\/www.buehler-sat.de\/index.php?rest_route=\/wp\/v2\/pages\/19","targetHints":{"allow":["GET"]}}],"collection":[{"href":"https:\/\/www.buehler-sat.de\/index.php?rest_route=\/wp\/v2\/pages"}],"about":[{"href":"https:\/\/www.buehler-sat.de\/index.php?rest_route=\/wp\/v2\/types\/page"}],"author":[{"embeddable":true,"href":"https:\/\/www.buehler-sat.de\/index.php?rest_route=\/wp\/v2\/users\/1"}],"replies":[{"embeddable":true,"href":"https:\/\/www.buehler-sat.de\/index.php?rest_route=%2Fwp%2Fv2%2Fcomments&post=19"}],"version-history":[{"count":572,"href":"https:\/\/www.buehler-sat.de\/index.php?rest_route=\/wp\/v2\/pages\/19\/revisions"}],"predecessor-version":[{"id":825,"href":"https:\/\/www.buehler-sat.de\/index.php?rest_route=\/wp\/v2\/pages\/19\/revisions\/825"}],"wp:attachment":[{"href":"https:\/\/www.buehler-sat.de\/index.php?rest_route=%2Fwp%2Fv2%2Fmedia&parent=19"}],"curies":[{"name":"wp","href":"https:\/\/api.w.org\/{rel}","templated":true}]}}